{"id":618,"date":"2023-05-29T10:40:33","date_gmt":"2023-05-29T08:40:33","guid":{"rendered":"http:\/\/www.nettunomisano.com\/?page_id=618"},"modified":"2023-05-29T15:58:25","modified_gmt":"2023-05-29T13:58:25","slug":"offerte","status":"publish","type":"page","link":"https:\/\/www.nettunomisano.com\/fr\/offerte\/","title":{"rendered":"Offres"},"content":{"rendered":"<section class=\"wao-blocks-container container mb-0\"\n\t\t>\n    \n<div class=\"wao-blocks-row row\" >\n    \n\n<div class=\"col-12 col-md-12 p-5\"\n     \n\t \n\t>\n        \n\n<div class=\"breadcrumb-block mb-4\"\n    >\n    <div class=\"font-weight-breadcrumbs text-uppercase\">\n        <a href=\"https:\/\/www.nettunomisano.com\/fr\" rel=\"nofollow\" title=\"Accueil\">Accueil &gt;<\/a>\n        Offres    <\/div>\n<\/div>\n\n\n<h1 class=\"wp-block-heading text-uppercase\">Offres<\/h1>\n\n\n\n<h2 class=\"wp-block-heading text-square text-secondary mb-4\">Toutes les offres pour vos vacances<\/h2>\n\n\n\n<p class=\"translation-block\">Vous trouverez ci-dessous toutes nos offres : <strong>remises, tarif Tout Inclus et offres pour familles et enfants<\/strong>. \nContactez-nous pour avoir un devis personnalis\u00e9!<\/p>\n\n    <\/div>\n<\/div>\n<\/section>\n\n<section class=\"wao-blocks-container container-fluid mb-0  g--bkg-dark-03\"\n\t\t>\n    \n<div class=\"wao-blocks-row row\" >\n    \n\n<div class=\"col-12 col-md-12 p-5\"\n     \n\t \n\t>\n        \n<div class=\"text-center mx-auto\">\n\n\n\t\n\t\t<div class=\"wao-blocks-offerte-slider-v1\">\n\n\t\t\t\t\t<!-- controllo Slide  -->\n\t\t\t\t\t<div class=\"row js--filter-grid\">\n\t\t\t\t\t\t<!-- ciclo di ogni offerta -->\n\t\t\t\t\t\t\t\n\t\t\t\t\t\t\t\t<div class=\"col-md-6 col-lg-4 mx-auto\">\n\t\t\t\n\t\t\t\t\t\t\t\n<div class=\"g--bkg-light-04 mx-auto\">\n\t<div class=\"text-left p-3\">\n\t\t<div class=\"\">\n\t\t\t<a href=\"https:\/\/www.nettunomisano.com\/fr\/offerte\/ponte-di-pasqua-107712.php\" class=\"text-primary h3\" title=\"Scopri:P\u00e2ques 2026 : la premi\u00e8re mer de l&#039;ann\u00e9e !\">P\u00e2ques 2026 : la premi\u00e8re mer de l'ann\u00e9e !<\/a>\n\t\t<\/div>\n\t\t<div class=\"\">dal 02.04.2026 al 05.04.2026<\/div> \n\t\t<div class=\"d-flex py-3 align-items-center\">\n\t\t\t\tde <span class=\"h1 d-inline text-secondary mx-2\">93&euro;<\/span>\n\t\t\t\tune personne\n\t\t<\/div> \n\t<!-- fine contenitore prezzo -->\n\t<!-- contenitore immagine -->\n\t\t<div class=\"barret-107714\" style=\"background-size: cover; height: 300px; overflow:hidden;\">\n\t\t\t<!-- inizio timer -->\n\t\t\t<div class=\"hidden-xl-down g--bkg-light-04 position-absolute l--top l--right p-2 text-primary timer l--b-a-1 border g--b-c-03\" style=\"z-index:800!important;\" id=\"timer_107714\">\n\t\t\t\t<div class=\"text-center text-warning font-weight-bold text-uppercase\">L'offre expire en<\/div>\n\t\t\t\t<div class=\"\" style=\"display:flex\">\n\t\t\t\t\t<div class=\"p-2 g--bkg-light-02 m-1\">\n\t\t\t\t\t\t<span class=\"days\"><\/span> <span class=\"text-small\">gg<\/span>\n\t\t\t\t\t<\/div>\n\t\t\t\t\t<div class=\"p-2 g--bkg-light-02 m-1\">\n\t\t\t\t\t\t<span class=\"hours\"><\/span> <span class=\"text-small\">hh<\/span>\n\t\t\t\t\t<\/div>\n\t\t\t\t\t<div class=\"p-2 g--bkg-light-02 m-1\">\n\t\t\t\t\t\t<span class=\"minutes\"><\/span> <span class=\"text-small\">mm<\/span>\n\t\t\t\t\t<\/div>\n\t\t\t\t\t<div class=\"p-2 g--bkg-light-02 m-1\">\n\t\t\t\t\t\t<span class=\"seconds\"><\/span> <span class=\"text-small\">ss<\/span>\n\t\t\t\t\t<\/div>\n\t\t\t\t<\/div>\n\t\t\t<\/div>\n\t\t\t<script type=\"text\/javascript\">setTimeout(function(){ CountDownOfferte('05\/04\/2026', 'timer_107714'); }, 5000); BkgImgOfferta('https:\/\/static.adriasonline.it\/barret\/make\/offerte\/1254\/dettaglio\/img_107712.jpg?w=500&h=300&q=80&fit=cover', '107714', 'cover');<\/script>\n\t\t\t<!-- fine timer -->\n\t\t<\/div>\n\t\t<!-- fine contenitore immagine -->\n\t\t<div class=\"d-flex justify-content-end align-items-center\">\n\t\t\t<a class=\"btn btn-primary rounded-0 text-uppercase px-4 rounded-0 text-center\" href=\"https:\/\/www.nettunomisano.com\/fr\/offerte\/ponte-di-pasqua-107712.php\" title=\"D\u00e9couvrez l&#039;offre\">D\u00e9couvrir <i class=\"fas fa-arrow-right ml-2\"><\/i><\/a>\n\t\t<\/div>\n\t<\/div>\n<\/div>\n\t\t\t\t\t\t\t\t<\/div> \n\t\t\t\t\t\t\t\t\t\t\n\t\t\t\t\t\t\t\t<div class=\"col-md-6 col-lg-4 mx-auto\">\n\t\t\t\n\t\t\t\t\t\t\t\n<div class=\"g--bkg-light-04 mx-auto\">\n\t<div class=\"text-left p-3\">\n\t\t<div class=\"\">\n\t\t\t<a href=\"https:\/\/www.nettunomisano.com\/fr\/offerte\/offerta-primo-maggio-misano.php\" class=\"text-primary h3\" title=\"Scopri:Sp\u00e9cial 25 avril Pont 2025\">Sp\u00e9cial 25 avril Pont 2025<\/a>\n\t\t<\/div>\n\t\t<div class=\"\">dal 24.04.2026 al 26.04.2026<\/div> \n\t\t<div class=\"d-flex py-3 align-items-center\">\n\t\t\t\tde <span class=\"h1 d-inline text-secondary mx-2\">87&euro;<\/span>\n\t\t\t\tune personne\n\t\t<\/div> \n\t<!-- fine contenitore prezzo -->\n\t<!-- contenitore immagine -->\n\t\t<div class=\"barret-107814\" style=\"background-size: cover; height: 300px; overflow:hidden;\">\n\t\t\t<!-- inizio timer -->\n\t\t\t<div class=\"hidden-xl-down g--bkg-light-04 position-absolute l--top l--right p-2 text-primary timer l--b-a-1 border g--b-c-03\" style=\"z-index:800!important;\" id=\"timer_107814\">\n\t\t\t\t<div class=\"text-center text-warning font-weight-bold text-uppercase\">L'offre expire en<\/div>\n\t\t\t\t<div class=\"\" style=\"display:flex\">\n\t\t\t\t\t<div class=\"p-2 g--bkg-light-02 m-1\">\n\t\t\t\t\t\t<span class=\"days\"><\/span> <span class=\"text-small\">gg<\/span>\n\t\t\t\t\t<\/div>\n\t\t\t\t\t<div class=\"p-2 g--bkg-light-02 m-1\">\n\t\t\t\t\t\t<span class=\"hours\"><\/span> <span class=\"text-small\">hh<\/span>\n\t\t\t\t\t<\/div>\n\t\t\t\t\t<div class=\"p-2 g--bkg-light-02 m-1\">\n\t\t\t\t\t\t<span class=\"minutes\"><\/span> <span class=\"text-small\">mm<\/span>\n\t\t\t\t\t<\/div>\n\t\t\t\t\t<div class=\"p-2 g--bkg-light-02 m-1\">\n\t\t\t\t\t\t<span class=\"seconds\"><\/span> <span class=\"text-small\">ss<\/span>\n\t\t\t\t\t<\/div>\n\t\t\t\t<\/div>\n\t\t\t<\/div>\n\t\t\t<script type=\"text\/javascript\">setTimeout(function(){ CountDownOfferte('26\/04\/2026', 'timer_107814'); }, 5000); BkgImgOfferta('https:\/\/static.adriasonline.it\/barret\/make\/offerte\/1254\/dettaglio\/img_107812.png?w=500&h=300&q=80&fit=cover', '107814', 'cover');<\/script>\n\t\t\t<!-- fine timer -->\n\t\t<\/div>\n\t\t<!-- fine contenitore immagine -->\n\t\t<div class=\"d-flex justify-content-end align-items-center\">\n\t\t\t<a class=\"btn btn-primary rounded-0 text-uppercase px-4 rounded-0 text-center\" href=\"https:\/\/www.nettunomisano.com\/fr\/offerte\/offerta-primo-maggio-misano.php\" title=\"D\u00e9couvrez l&#039;offre\">D\u00e9couvrir <i class=\"fas fa-arrow-right ml-2\"><\/i><\/a>\n\t\t<\/div>\n\t<\/div>\n<\/div>\n\t\t\t\t\t\t\t\t<\/div> \n\t\t\t\t\t\t\t\t\t\t\n\t\t\t\t\t\t\t\t<div class=\"col-md-6 col-lg-4 mx-auto\">\n\t\t\t\n\t\t\t\t\t\t\t\n<div class=\"g--bkg-light-04 mx-auto\">\n\t<div class=\"text-left p-3\">\n\t\t<div class=\"\">\n\t\t\t<a href=\"https:\/\/www.nettunomisano.com\/fr\/offerte\/offerta-agosto-in-all-inclusive-138558.php\" class=\"text-primary h3\" title=\"Scopri:Ao\u00fbt dans All Inclusive\">Ao\u00fbt dans All Inclusive<\/a>\n\t\t<\/div>\n\t\t<div class=\"\">dal 08.08.2026 al 23.08.2026<\/div> \n\t\t<div class=\"d-flex py-3 align-items-center\">\n\t\t\t\tde <span class=\"h1 d-inline text-secondary mx-2\">706&euro;<\/span>\n\t\t\t\tune personne\n\t\t<\/div> \n\t<!-- fine contenitore prezzo -->\n\t<!-- contenitore immagine -->\n\t\t<div class=\"barret-138560\" style=\"background-size: cover; height: 300px; overflow:hidden;\">\n\t\t\t<!-- inizio timer -->\n\t\t\t<div class=\"hidden-xl-down g--bkg-light-04 position-absolute l--top l--right p-2 text-primary timer l--b-a-1 border g--b-c-03\" style=\"z-index:800!important;\" id=\"timer_138560\">\n\t\t\t\t<div class=\"text-center text-warning font-weight-bold text-uppercase\">L'offre expire en<\/div>\n\t\t\t\t<div class=\"\" style=\"display:flex\">\n\t\t\t\t\t<div class=\"p-2 g--bkg-light-02 m-1\">\n\t\t\t\t\t\t<span class=\"days\"><\/span> <span class=\"text-small\">gg<\/span>\n\t\t\t\t\t<\/div>\n\t\t\t\t\t<div class=\"p-2 g--bkg-light-02 m-1\">\n\t\t\t\t\t\t<span class=\"hours\"><\/span> <span class=\"text-small\">hh<\/span>\n\t\t\t\t\t<\/div>\n\t\t\t\t\t<div class=\"p-2 g--bkg-light-02 m-1\">\n\t\t\t\t\t\t<span class=\"minutes\"><\/span> <span class=\"text-small\">mm<\/span>\n\t\t\t\t\t<\/div>\n\t\t\t\t\t<div class=\"p-2 g--bkg-light-02 m-1\">\n\t\t\t\t\t\t<span class=\"seconds\"><\/span> <span class=\"text-small\">ss<\/span>\n\t\t\t\t\t<\/div>\n\t\t\t\t<\/div>\n\t\t\t<\/div>\n\t\t\t<script type=\"text\/javascript\">setTimeout(function(){ CountDownOfferte('23\/08\/2026', 'timer_138560'); }, 5000); BkgImgOfferta('https:\/\/static.adriasonline.it\/barret\/make\/offerte\/1254\/dettaglio\/img_138558.jpg?w=500&h=300&q=80&fit=cover', '138560', 'cover');<\/script>\n\t\t\t<!-- fine timer -->\n\t\t<\/div>\n\t\t<!-- fine contenitore immagine -->\n\t\t<div class=\"d-flex justify-content-end align-items-center\">\n\t\t\t<a class=\"btn btn-primary rounded-0 text-uppercase px-4 rounded-0 text-center\" href=\"https:\/\/www.nettunomisano.com\/fr\/offerte\/offerta-agosto-in-all-inclusive-138558.php\" title=\"D\u00e9couvrez l&#039;offre\">D\u00e9couvrir <i class=\"fas fa-arrow-right ml-2\"><\/i><\/a>\n\t\t<\/div>\n\t<\/div>\n<\/div>\n\t\t\t\t\t\t\t\t<\/div> \n\t\t\t\t\t\t\t\t\t\t\n\t\t\t\t\t\t\t\t<div class=\"col-md-6 col-lg-4 mx-auto\">\n\t\t\t\n\t\t\t\t\t\t\t\n<div class=\"g--bkg-light-04 mx-auto\">\n\t<div class=\"text-left p-3\">\n\t\t<div class=\"\">\n\t\t\t<a href=\"https:\/\/www.nettunomisano.com\/fr\/offerte\/offerta-ponte-1-maggio-147464.php\" class=\"text-primary h3\" title=\"Scopri:Sp\u00e9cial 1er mai Pont 2026\">Sp\u00e9cial 1er mai Pont 2026<\/a>\n\t\t<\/div>\n\t\t<div class=\"\">dal 01.05.2026 al 03.05.2026<\/div> \n\t\t<div class=\"d-flex py-3 align-items-center\">\n\t\t\t\tde <span class=\"h1 d-inline text-secondary mx-2\">87&euro;<\/span>\n\t\t\t\ta camera\n\t\t<\/div> \n\t<!-- fine contenitore prezzo -->\n\t<!-- contenitore immagine -->\n\t\t<div class=\"barret-147467\" style=\"background-size: cover; height: 300px; overflow:hidden;\">\n\t\t\t<!-- inizio timer -->\n\t\t\t<div class=\"hidden-xl-down g--bkg-light-04 position-absolute l--top l--right p-2 text-primary timer l--b-a-1 border g--b-c-03\" style=\"z-index:800!important;\" id=\"timer_147467\">\n\t\t\t\t<div class=\"text-center text-warning font-weight-bold text-uppercase\">L'offre expire en<\/div>\n\t\t\t\t<div class=\"\" style=\"display:flex\">\n\t\t\t\t\t<div class=\"p-2 g--bkg-light-02 m-1\">\n\t\t\t\t\t\t<span class=\"days\"><\/span> <span class=\"text-small\">gg<\/span>\n\t\t\t\t\t<\/div>\n\t\t\t\t\t<div class=\"p-2 g--bkg-light-02 m-1\">\n\t\t\t\t\t\t<span class=\"hours\"><\/span> <span class=\"text-small\">hh<\/span>\n\t\t\t\t\t<\/div>\n\t\t\t\t\t<div class=\"p-2 g--bkg-light-02 m-1\">\n\t\t\t\t\t\t<span class=\"minutes\"><\/span> <span class=\"text-small\">mm<\/span>\n\t\t\t\t\t<\/div>\n\t\t\t\t\t<div class=\"p-2 g--bkg-light-02 m-1\">\n\t\t\t\t\t\t<span class=\"seconds\"><\/span> <span class=\"text-small\">ss<\/span>\n\t\t\t\t\t<\/div>\n\t\t\t\t<\/div>\n\t\t\t<\/div>\n\t\t\t<script type=\"text\/javascript\">setTimeout(function(){ CountDownOfferte('03\/05\/2026', 'timer_147467'); }, 5000); BkgImgOfferta('https:\/\/static.adriasonline.it\/barret\/make\/offerte\/1254\/dettaglio\/img_147464.jpg?w=500&h=300&q=80&fit=cover', '147467', 'cover');<\/script>\n\t\t\t<!-- fine timer -->\n\t\t<\/div>\n\t\t<!-- fine contenitore immagine -->\n\t\t<div class=\"d-flex justify-content-end align-items-center\">\n\t\t\t<a class=\"btn btn-primary rounded-0 text-uppercase px-4 rounded-0 text-center\" href=\"https:\/\/www.nettunomisano.com\/fr\/offerte\/offerta-ponte-1-maggio-147464.php\" title=\"D\u00e9couvrez l&#039;offre\">D\u00e9couvrir <i class=\"fas fa-arrow-right ml-2\"><\/i><\/a>\n\t\t<\/div>\n\t<\/div>\n<\/div>\n\t\t\t\t\t\t\t\t<\/div> \n\t\t\t\t\t\t\t\t\t\t\n\t\t\t\t\t\t\t\t<div class=\"col-md-6 col-lg-4 mx-auto\">\n\t\t\t\n\t\t\t\t\t\t\t\n<div class=\"g--bkg-light-04 mx-auto\">\n\t<div class=\"text-left p-3\">\n\t\t<div class=\"\">\n\t\t\t<a href=\"https:\/\/www.nettunomisano.com\/fr\/offerte\/luglio-in-riviera-settimana-in-all-inclusive-a-un-prezzo-speciale-149989.php\" class=\"text-primary h3\" title=\"Scopri:Juillet sur la C\u00f4te d&#039;Azur : d\u00e9tente totale avec le All Inclusive\">Juillet sur la C\u00f4te d'Azur : d\u00e9tente totale avec le All Inclusive<\/a>\n\t\t<\/div>\n\t\t<div class=\"\">dal 01.07.2026 al 07.07.2026<\/div> \n\t\t<div class=\"d-flex py-3 align-items-center\">\n\t\t\t\tde <span class=\"h1 d-inline text-secondary mx-2\">610&euro;<\/span>\n\t\t\t\tune personne\n\t\t<\/div> \n\t<!-- fine contenitore prezzo -->\n\t<!-- contenitore immagine -->\n\t\t<div class=\"barret-149992\" style=\"background-size: cover; height: 300px; overflow:hidden;\">\n\t\t\t<!-- inizio timer -->\n\t\t\t<div class=\"hidden-xl-down g--bkg-light-04 position-absolute l--top l--right p-2 text-primary timer l--b-a-1 border g--b-c-03\" style=\"z-index:800!important;\" id=\"timer_149992\">\n\t\t\t\t<div class=\"text-center text-warning font-weight-bold text-uppercase\">L'offre expire en<\/div>\n\t\t\t\t<div class=\"\" style=\"display:flex\">\n\t\t\t\t\t<div class=\"p-2 g--bkg-light-02 m-1\">\n\t\t\t\t\t\t<span class=\"days\"><\/span> <span class=\"text-small\">gg<\/span>\n\t\t\t\t\t<\/div>\n\t\t\t\t\t<div class=\"p-2 g--bkg-light-02 m-1\">\n\t\t\t\t\t\t<span class=\"hours\"><\/span> <span class=\"text-small\">hh<\/span>\n\t\t\t\t\t<\/div>\n\t\t\t\t\t<div class=\"p-2 g--bkg-light-02 m-1\">\n\t\t\t\t\t\t<span class=\"minutes\"><\/span> <span class=\"text-small\">mm<\/span>\n\t\t\t\t\t<\/div>\n\t\t\t\t\t<div class=\"p-2 g--bkg-light-02 m-1\">\n\t\t\t\t\t\t<span class=\"seconds\"><\/span> <span class=\"text-small\">ss<\/span>\n\t\t\t\t\t<\/div>\n\t\t\t\t<\/div>\n\t\t\t<\/div>\n\t\t\t<script type=\"text\/javascript\">setTimeout(function(){ CountDownOfferte('07\/07\/2026', 'timer_149992'); }, 5000); BkgImgOfferta('https:\/\/static.adriasonline.it\/barret\/make\/offerte\/1254\/dettaglio\/img_149989.jpg?w=500&h=300&q=80&fit=cover', '149992', 'cover');<\/script>\n\t\t\t<!-- fine timer -->\n\t\t<\/div>\n\t\t<!-- fine contenitore immagine -->\n\t\t<div class=\"d-flex justify-content-end align-items-center\">\n\t\t\t<a class=\"btn btn-primary rounded-0 text-uppercase px-4 rounded-0 text-center\" href=\"https:\/\/www.nettunomisano.com\/fr\/offerte\/luglio-in-riviera-settimana-in-all-inclusive-a-un-prezzo-speciale-149989.php\" title=\"D\u00e9couvrez l&#039;offre\">D\u00e9couvrir <i class=\"fas fa-arrow-right ml-2\"><\/i><\/a>\n\t\t<\/div>\n\t<\/div>\n<\/div>\n\t\t\t\t\t\t\t\t<\/div> \n\t\t\t\t\t\t\t\t\t\t\n\t\t\t\t\t\t\t\t<div class=\"col-md-6 col-lg-4 mx-auto\">\n\t\t\t\n\t\t\t\t\t\t\t\n<div class=\"g--bkg-light-04 mx-auto\">\n\t<div class=\"text-left p-3\">\n\t\t<div class=\"\">\n\t\t\t<a href=\"https:\/\/www.nettunomisano.com\/fr\/offerte\/speciale-famiglie-223-151606.php\" class=\"text-primary h3\" title=\"Scopri:Sp\u00e9cial famille 2+2=3\">Sp\u00e9cial famille 2+2=3<\/a>\n\t\t<\/div>\n\t\t<div class=\"\">dal 08.06.2026 al 31.08.2026<\/div> \n\t\t<div class=\"d-flex py-3 align-items-center\">\n\t\t\t\tPrezzi personalizzati\n\t\t\t\t\n\t\t<\/div> \n\t<!-- fine contenitore prezzo -->\n\t<!-- contenitore immagine -->\n\t\t<div class=\"barret-151609\" style=\"background-size: cover; height: 300px; overflow:hidden;\">\n\t\t\t<!-- inizio timer -->\n\t\t\t<div class=\"hidden-xl-down g--bkg-light-04 position-absolute l--top l--right p-2 text-primary timer l--b-a-1 border g--b-c-03\" style=\"z-index:800!important;\" id=\"timer_151609\">\n\t\t\t\t<div class=\"text-center text-warning font-weight-bold text-uppercase\">L'offre expire en<\/div>\n\t\t\t\t<div class=\"\" style=\"display:flex\">\n\t\t\t\t\t<div class=\"p-2 g--bkg-light-02 m-1\">\n\t\t\t\t\t\t<span class=\"days\"><\/span> <span class=\"text-small\">gg<\/span>\n\t\t\t\t\t<\/div>\n\t\t\t\t\t<div class=\"p-2 g--bkg-light-02 m-1\">\n\t\t\t\t\t\t<span class=\"hours\"><\/span> <span class=\"text-small\">hh<\/span>\n\t\t\t\t\t<\/div>\n\t\t\t\t\t<div class=\"p-2 g--bkg-light-02 m-1\">\n\t\t\t\t\t\t<span class=\"minutes\"><\/span> <span class=\"text-small\">mm<\/span>\n\t\t\t\t\t<\/div>\n\t\t\t\t\t<div class=\"p-2 g--bkg-light-02 m-1\">\n\t\t\t\t\t\t<span class=\"seconds\"><\/span> <span class=\"text-small\">ss<\/span>\n\t\t\t\t\t<\/div>\n\t\t\t\t<\/div>\n\t\t\t<\/div>\n\t\t\t<script type=\"text\/javascript\">setTimeout(function(){ CountDownOfferte('31\/08\/2026', 'timer_151609'); }, 5000); BkgImgOfferta('https:\/\/static.adriasonline.it\/barret\/make\/offerte\/1254\/dettaglio\/img_151606.jpg?w=500&h=300&q=80&fit=cover', '151609', 'cover');<\/script>\n\t\t\t<!-- fine timer -->\n\t\t<\/div>\n\t\t<!-- fine contenitore immagine -->\n\t\t<div class=\"d-flex justify-content-end align-items-center\">\n\t\t\t<a class=\"btn btn-primary rounded-0 text-uppercase px-4 rounded-0 text-center\" href=\"https:\/\/www.nettunomisano.com\/fr\/offerte\/speciale-famiglie-223-151606.php\" title=\"D\u00e9couvrez l&#039;offre\">D\u00e9couvrir <i class=\"fas fa-arrow-right ml-2\"><\/i><\/a>\n\t\t<\/div>\n\t<\/div>\n<\/div>\n\t\t\t\t\t\t\t\t<\/div> \n\t\t\t\t\t\t\t    \n\t\t\t\t\t\t\t\n\t\t\t<\/div>\n\t\t<\/div>\n\t\n\n<\/div>\n    <\/div>\n<\/div>\n<\/section>","protected":false},"excerpt":{"rendered":"","protected":false},"author":1,"featured_media":0,"parent":0,"menu_order":0,"comment_status":"closed","ping_status":"closed","template":"","meta":{"footnotes":""},"class_list":["post-618","page","type-page","status-publish","hentry"],"_links":{"self":[{"href":"https:\/\/www.nettunomisano.com\/fr\/wp-json\/wp\/v2\/pages\/618","targetHints":{"allow":["GET"]}}],"collection":[{"href":"https:\/\/www.nettunomisano.com\/fr\/wp-json\/wp\/v2\/pages"}],"about":[{"href":"https:\/\/www.nettunomisano.com\/fr\/wp-json\/wp\/v2\/types\/page"}],"author":[{"embeddable":true,"href":"https:\/\/www.nettunomisano.com\/fr\/wp-json\/wp\/v2\/users\/1"}],"replies":[{"embeddable":true,"href":"https:\/\/www.nettunomisano.com\/fr\/wp-json\/wp\/v2\/comments?post=618"}],"version-history":[{"count":12,"href":"https:\/\/www.nettunomisano.com\/fr\/wp-json\/wp\/v2\/pages\/618\/revisions"}],"predecessor-version":[{"id":818,"href":"https:\/\/www.nettunomisano.com\/fr\/wp-json\/wp\/v2\/pages\/618\/revisions\/818"}],"wp:attachment":[{"href":"https:\/\/www.nettunomisano.com\/fr\/wp-json\/wp\/v2\/media?parent=618"}],"curies":[{"name":"wp","href":"https:\/\/api.w.org\/{rel}","templated":true}]}}