{"id":585,"date":"2023-05-26T17:08:18","date_gmt":"2023-05-26T15:08:18","guid":{"rendered":"http:\/\/www.nettunomisano.com\/?page_id=585"},"modified":"2023-05-29T15:33:44","modified_gmt":"2023-05-29T13:33:44","slug":"liste","status":"publish","type":"page","link":"https:\/\/www.nettunomisano.com\/fr\/liste\/","title":{"rendered":"Tarif de prix"},"content":{"rendered":"<section class=\"wao-blocks-container container mb-5\"\n\t\t>\n    \n<div class=\"wao-blocks-row row\" >\n    \n\n<div class=\"col-12 col-md-12 p-5\"\n     \n\t \n\t>\n        \n\n<div class=\"breadcrumb-block mb-4\"\n    >\n    <div class=\"font-weight-breadcrumbs text-uppercase\">\n        <a href=\"https:\/\/www.nettunomisano.com\/fr\" rel=\"nofollow\" title=\"Accueil\">Accueil &gt;<\/a>\n        Tarif de prix    <\/div>\n<\/div>\n\n\n<h1 class=\"wp-block-heading text-uppercase\">Prix et Offres<\/h1>\n\n\n\n<h2 class=\"wp-block-heading text-square text-secondary mb-4\">Prix et Offres<\/h2>\n\n\n\n<p class=\"translation-block\">Vous trouverez ci-dessous la <strong>liste des prix <\/strong>et les formules de vacance disponibles. Vous pouvez choisir parmi la <strong>demi-pension<\/strong>, la <strong>pension compl\u00e8te<\/strong> ou le pratique <strong>tarif tout inclus<\/strong>. Nous offrons aux familles des <strong>remises pour les enfants<\/strong>.<\/p>\n\n\n\n<p>Contactez-nous pour avoir un devis personnalis\u00e9.&nbsp;<\/p>\n\n\n\n\n<style>\n\t.nav-link{\n\t\tborder-radius: 0px 15px 0px 0px !important;\t}\n\t.nav-tabs .nav-item.show .nav-link, .nav-tabs .nav-link.active{\n\t\tborder-radius: 0px 15px 0px 0px !important;\t}\n<\/style>\n\t<div class=\"wao-blocks-listino-v1\" data-cof=\"true\" data-cof-rule=\"\">\n\t\t<div class=\"d-none\" data-vertical-space=\"10\" style=\"z-index: 999;\">\n\t\t\t\t\t\t\t<ul class=\"nav nav-tabs d-flex justify-content-start\" id=\"myTab\" role=\"tablist\">\n\t\t\t\t\t\t\t\t\t\t\t<li class=\"nav-item\">\n\t\t\t\t\t\t\t\t<a class=\"nav-link active btn btn-primary\" id=\"Liste-des-Prix-2026-tab\" data-toggle=\"tab\" href=\"#Liste-des-Prix-2026\" role=\"tab\" aria-controls=\"Liste-des-Prix-2026\" aria-selected=\"true\" title=\"Liste des Prix 2026\">\n\t\t\t\t\t\t\t\t\tListe des Prix 2026\t\t\t\t\t\t\t\t<\/a>\n\t\t\t\t\t\t\t<\/li>\n\t\t\t\t\t\t\t <\/ul>\n\t\t\t\t\t<\/div> \n\t\t<div class=\"tab-content\">\n\t\t\t\t\t\t\t<div class=\"tab-pane fade active show\" id=\"Liste-des-Prix-2026\" role=\"tabpanel\" aria-labelledby=\"Liste-des-Prix-2026-tab\">\n\t\t\t\t\t\t <h4 class=\"text-quaternary text-center py-1\"> Listino Prezzi 2026 <\/h4>\t\t\t\t\t\t\t\t\t\t\t\t\t\t\t\t\t<article class=\"row\">\n\t\t\t\t\t\t\t\t\t\t\t<div class=\"col-12 g--bkg-dark-01 text-quaternary text-sm-center\">\n\n\t\t\t\t\t\t\t\t\t\t\t\t\t\t\t\t\t\t\t\t\t\t\t\t\t<h5 class=\"text-white text-uppercase text-center pb-1 pt-2\">O.B.<\/h5>\n\t\t\t\t\t\t\t\t\t\t\t\t\t\t\t\t\t\t\t\t\t\t\t\t\t\t\t\t\t\t\t\t\t\t\t\t\t<span class=\"text-quaternary text-center py-1\"><\/span>\n\t\t\t\t\t\t\t\t\t\t\t\t\n\t\t\t\t\t\t\t\t\t\t\t<\/div>\n\t\t\t\t\t\t\t\t\t\t\t\t\t\t\t\t\t\t\t\t\t<\/article>\n\n\t\t\t\t\t\t\t\t\t\t<article class=\"row\">\n\t\t\t\t\t\t\t\t\t\t\t\t\t\t\t\t\t\t\t\t\t\t\t<div class=\"col-md col-6 p-0\">\n\t\t\t\t\t\t\t\t\t\t\t\t\t\t\t\t\t\t\t\t\t\t\t\t\t\t\t<div class=\"text-center py-1\">\n\t\t\t\t\t\t\t\t\t\t\t\t\t\t\t<div class=\"\"><\/div>\n\t\t\t\t\t\t\t\t\t\t\t\t\t\t\t\n\t\t\t\t\t\t\t\t\t\t\t\t\t\t\t<div class=\"text-small p-2\">20\/05 - 29\/05<\/div>\n\n\t\t\t\t\t\t\t\t\t\t\t\t\t\t\t<div class=\"p-2 font-weight-bold h4 text-center border-bottom-1 g--b-c-01\">\n\t\t\t\t\t\t\t\t\t\t\t\t\t\t\t\t35 \u20ac \t\t\t\t\t\t\t\t\t\t\t\t\t\t\t\t\t\n\t\t\t\t\t\t\t\t\t\t\t\t\t\t\t<\/div>\n\t\t\t\t\t\t\t\t\t\t\t\t\t\t<\/div>\n\t\t\t\t\t\t\t\t\t\t\t\t\t\t\t\t\t\t\t\t\t\t\t\t\t\t\t\t\t\t\t\t\t\t\t\t\t\t\t<\/div>\n\t\t\t\t\t\t\t\t\t\t\t\t\t\t\t\t\t\t\t\t\t\t\t<div class=\"col-md col-6 p-0\">\n\t\t\t\t\t\t\t\t\t\t\t\t\t\t\t\t\t\t\t\t\t\t\t\t\t\t\t<div class=\"text-center py-1\">\n\t\t\t\t\t\t\t\t\t\t\t\t\t\t\t<div class=\"\"><\/div>\n\t\t\t\t\t\t\t\t\t\t\t\t\t\t\t\n\t\t\t\t\t\t\t\t\t\t\t\t\t\t\t<div class=\"text-small p-2\">30\/05 - 30\/06<\/div>\n\n\t\t\t\t\t\t\t\t\t\t\t\t\t\t\t<div class=\"p-2 font-weight-bold h4 text-center border-bottom-1 g--b-c-01\">\n\t\t\t\t\t\t\t\t\t\t\t\t\t\t\t\t40 \u20ac \t\t\t\t\t\t\t\t\t\t\t\t\t\t\t\t\t\n\t\t\t\t\t\t\t\t\t\t\t\t\t\t\t<\/div>\n\t\t\t\t\t\t\t\t\t\t\t\t\t\t<\/div>\n\t\t\t\t\t\t\t\t\t\t\t\t\t\t\t\t\t\t\t\t\t\t\t\t\t\t\t\t\t\t\t\t\t\t\t\t\t\t\t<\/div>\n\t\t\t\t\t\t\t\t\t\t\t\t\t\t\t\t\t\t\t\t\t\t\t<div class=\"col-md col-6 p-0\">\n\t\t\t\t\t\t\t\t\t\t\t\t\t\t\t\t\t\t\t\t\t\t\t\t\t\t\t<div class=\"text-center py-1\">\n\t\t\t\t\t\t\t\t\t\t\t\t\t\t\t<div class=\"\"><\/div>\n\t\t\t\t\t\t\t\t\t\t\t\t\t\t\t\n\t\t\t\t\t\t\t\t\t\t\t\t\t\t\t<div class=\"text-small p-2\">01\/07 - 07\/08<\/div>\n\n\t\t\t\t\t\t\t\t\t\t\t\t\t\t\t<div class=\"p-2 font-weight-bold h4 text-center border-bottom-1 g--b-c-01\">\n\t\t\t\t\t\t\t\t\t\t\t\t\t\t\t\t45 \u20ac \t\t\t\t\t\t\t\t\t\t\t\t\t\t\t\t\t\n\t\t\t\t\t\t\t\t\t\t\t\t\t\t\t<\/div>\n\t\t\t\t\t\t\t\t\t\t\t\t\t\t<\/div>\n\t\t\t\t\t\t\t\t\t\t\t\t\t\t\t\t\t\t\t\t\t\t\t\t\t\t\t\t\t\t\t\t\t\t\t\t\t\t\t<\/div>\n\t\t\t\t\t\t\t\t\t\t\t\t\t\t\t\t\t\t\t\t\t\t\t<div class=\"col-md col-6 p-0\">\n\t\t\t\t\t\t\t\t\t\t\t\t\t\t\t\t\t\t\t\t\t\t\t\t\t\t\t<div class=\"text-center py-1\">\n\t\t\t\t\t\t\t\t\t\t\t\t\t\t\t<div class=\"\"><\/div>\n\t\t\t\t\t\t\t\t\t\t\t\t\t\t\t\n\t\t\t\t\t\t\t\t\t\t\t\t\t\t\t<div class=\"text-small p-2\">08\/08 - 23\/08<\/div>\n\n\t\t\t\t\t\t\t\t\t\t\t\t\t\t\t<div class=\"p-2 font-weight-bold h4 text-center border-bottom-1 g--b-c-01\">\n\t\t\t\t\t\t\t\t\t\t\t\t\t\t\t\t60 \u20ac \t\t\t\t\t\t\t\t\t\t\t\t\t\t\t\t\t\n\t\t\t\t\t\t\t\t\t\t\t\t\t\t\t<\/div>\n\t\t\t\t\t\t\t\t\t\t\t\t\t\t<\/div>\n\t\t\t\t\t\t\t\t\t\t\t\t\t\t\t\t\t\t\t\t\t\t\t\t\t\t\t\t\t\t\t\t\t\t\t\t\t\t\t<\/div>\n\t\t\t\t\t\t\t\t\t\t\t\t\t\t\t\t\t\t\t\t\t\t\t<div class=\"col-md col-6 p-0\">\n\t\t\t\t\t\t\t\t\t\t\t\t\t\t\t\t\t\t\t\t\t\t\t\t\t\t\t<div class=\"text-center py-1\">\n\t\t\t\t\t\t\t\t\t\t\t\t\t\t\t<div class=\"\"><\/div>\n\t\t\t\t\t\t\t\t\t\t\t\t\t\t\t\n\t\t\t\t\t\t\t\t\t\t\t\t\t\t\t<div class=\"text-small p-2\">24\/08 - 31\/08<\/div>\n\n\t\t\t\t\t\t\t\t\t\t\t\t\t\t\t<div class=\"p-2 font-weight-bold h4 text-center border-bottom-1 g--b-c-01\">\n\t\t\t\t\t\t\t\t\t\t\t\t\t\t\t\t45 \u20ac \t\t\t\t\t\t\t\t\t\t\t\t\t\t\t\t\t\n\t\t\t\t\t\t\t\t\t\t\t\t\t\t\t<\/div>\n\t\t\t\t\t\t\t\t\t\t\t\t\t\t<\/div>\n\t\t\t\t\t\t\t\t\t\t\t\t\t\t\t\t\t\t\t\t\t\t\t\t\t\t\t\t\t\t\t\t\t\t\t\t\t\t\t<\/div>\n\t\t\t\t\t\t\t\t\t\t\t\t\t\t\t\t\t\t\t\t\t\t\t<div class=\"col-md col-6 p-0\">\n\t\t\t\t\t\t\t\t\t\t\t\t\t\t\t\t\t\t\t\t\t\t\t\t\t\t\t<div class=\"text-center py-1\">\n\t\t\t\t\t\t\t\t\t\t\t\t\t\t\t<div class=\"\"><\/div>\n\t\t\t\t\t\t\t\t\t\t\t\t\t\t\t\n\t\t\t\t\t\t\t\t\t\t\t\t\t\t\t<div class=\"text-small p-2\">01\/09 - 20\/09<\/div>\n\n\t\t\t\t\t\t\t\t\t\t\t\t\t\t\t<div class=\"p-2 font-weight-bold h4 text-center border-bottom-1 g--b-c-01\">\n\t\t\t\t\t\t\t\t\t\t\t\t\t\t\t\t40 \u20ac \t\t\t\t\t\t\t\t\t\t\t\t\t\t\t\t\t\n\t\t\t\t\t\t\t\t\t\t\t\t\t\t\t<\/div>\n\t\t\t\t\t\t\t\t\t\t\t\t\t\t<\/div>\n\t\t\t\t\t\t\t\t\t\t\t\t\t\t\t\t\t\t\t\t\t\t\t\t\t\t\t\t\t\t\t\t\t\t\t\t\t\t\t<\/div>\n\t\t\t\t\t\t\t\t\t\t\t\t\t\t\t\t\t\t\t\t\t<\/article>\n\t\t\t\t\t\t\t\t\t\t\t\t\t\t\t\t\t\t\t<article class=\"row\">\n\t\t\t\t\t\t\t\t\t\t\t<div class=\"col-12 g--bkg-dark-01 text-quaternary text-sm-center\">\n\n\t\t\t\t\t\t\t\t\t\t\t\t\t\t\t\t\t\t\t\t\t\t\t\t\t<h5 class=\"text-white text-uppercase text-center pb-1 pt-2\">Pension Compl\u00e8te<\/h5>\n\t\t\t\t\t\t\t\t\t\t\t\t\t\t\t\t\t\t\t\t\t\t\t\t\t\t\t\t\t\t\t\t\t\t\t\t\t<span class=\"text-quaternary text-center py-1\"><\/span>\n\t\t\t\t\t\t\t\t\t\t\t\t\n\t\t\t\t\t\t\t\t\t\t\t<\/div>\n\t\t\t\t\t\t\t\t\t\t\t\t\t\t\t\t\t\t\t\t\t<\/article>\n\n\t\t\t\t\t\t\t\t\t\t<article class=\"row\">\n\t\t\t\t\t\t\t\t\t\t\t\t\t\t\t\t\t\t\t\t\t\t\t<div class=\"col-md col-6 p-0\">\n\t\t\t\t\t\t\t\t\t\t\t\t\t\t\t\t\t\t\t\t\t\t\t\t\t\t\t<div class=\"text-center py-1\">\n\t\t\t\t\t\t\t\t\t\t\t\t\t\t\t<div class=\"\"><\/div>\n\t\t\t\t\t\t\t\t\t\t\t\t\t\t\t\n\t\t\t\t\t\t\t\t\t\t\t\t\t\t\t<div class=\"text-small p-2\">20\/05 - 29\/05<\/div>\n\n\t\t\t\t\t\t\t\t\t\t\t\t\t\t\t<div class=\"p-2 font-weight-bold h4 text-center border-bottom-1 g--b-c-01\">\n\t\t\t\t\t\t\t\t\t\t\t\t\t\t\t\t67 \u20ac \t\t\t\t\t\t\t\t\t\t\t\t\t\t\t\t\t\n\t\t\t\t\t\t\t\t\t\t\t\t\t\t\t<\/div>\n\t\t\t\t\t\t\t\t\t\t\t\t\t\t<\/div>\n\t\t\t\t\t\t\t\t\t\t\t\t\t\t\t\t\t\t\t\t\t\t\t\t\t\t\t\t\t\t\t\t\t\t\t\t\t\t\t<\/div>\n\t\t\t\t\t\t\t\t\t\t\t\t\t\t\t\t\t\t\t\t\t\t\t<div class=\"col-md col-6 p-0\">\n\t\t\t\t\t\t\t\t\t\t\t\t\t\t\t\t\t\t\t\t\t\t\t\t\t\t\t<div class=\"text-center py-1\">\n\t\t\t\t\t\t\t\t\t\t\t\t\t\t\t<div class=\"\"><\/div>\n\t\t\t\t\t\t\t\t\t\t\t\t\t\t\t\n\t\t\t\t\t\t\t\t\t\t\t\t\t\t\t<div class=\"text-small p-2\">30\/05 - 30\/06<\/div>\n\n\t\t\t\t\t\t\t\t\t\t\t\t\t\t\t<div class=\"p-2 font-weight-bold h4 text-center border-bottom-1 g--b-c-01\">\n\t\t\t\t\t\t\t\t\t\t\t\t\t\t\t\t69,50 \u20ac \t\t\t\t\t\t\t\t\t\t\t\t\t\t\t\t\t\n\t\t\t\t\t\t\t\t\t\t\t\t\t\t\t<\/div>\n\t\t\t\t\t\t\t\t\t\t\t\t\t\t<\/div>\n\t\t\t\t\t\t\t\t\t\t\t\t\t\t\t\t\t\t\t\t\t\t\t\t\t\t\t\t\t\t\t\t\t\t\t\t\t\t\t<\/div>\n\t\t\t\t\t\t\t\t\t\t\t\t\t\t\t\t\t\t\t\t\t\t\t<div class=\"col-md col-6 p-0\">\n\t\t\t\t\t\t\t\t\t\t\t\t\t\t\t\t\t\t\t\t\t\t\t\t\t\t\t<div class=\"text-center py-1\">\n\t\t\t\t\t\t\t\t\t\t\t\t\t\t\t<div class=\"\"><\/div>\n\t\t\t\t\t\t\t\t\t\t\t\t\t\t\t\n\t\t\t\t\t\t\t\t\t\t\t\t\t\t\t<div class=\"text-small p-2\">01\/07 - 07\/08<\/div>\n\n\t\t\t\t\t\t\t\t\t\t\t\t\t\t\t<div class=\"p-2 font-weight-bold h4 text-center border-bottom-1 g--b-c-01\">\n\t\t\t\t\t\t\t\t\t\t\t\t\t\t\t\t79 \u20ac \t\t\t\t\t\t\t\t\t\t\t\t\t\t\t\t\t\n\t\t\t\t\t\t\t\t\t\t\t\t\t\t\t<\/div>\n\t\t\t\t\t\t\t\t\t\t\t\t\t\t<\/div>\n\t\t\t\t\t\t\t\t\t\t\t\t\t\t\t\t\t\t\t\t\t\t\t\t\t\t\t\t\t\t\t\t\t\t\t\t\t\t\t<\/div>\n\t\t\t\t\t\t\t\t\t\t\t\t\t\t\t\t\t\t\t\t\t\t\t<div class=\"col-md col-6 p-0\">\n\t\t\t\t\t\t\t\t\t\t\t\t\t\t\t\t\t\t\t\t\t\t\t\t\t\t\t<div class=\"text-center py-1\">\n\t\t\t\t\t\t\t\t\t\t\t\t\t\t\t<div class=\"\"><\/div>\n\t\t\t\t\t\t\t\t\t\t\t\t\t\t\t\n\t\t\t\t\t\t\t\t\t\t\t\t\t\t\t<div class=\"text-small p-2\">08\/08 - 23\/08<\/div>\n\n\t\t\t\t\t\t\t\t\t\t\t\t\t\t\t<div class=\"p-2 font-weight-bold h4 text-center border-bottom-1 g--b-c-01\">\n\t\t\t\t\t\t\t\t\t\t\t\t\t\t\t\t92 \u20ac \t\t\t\t\t\t\t\t\t\t\t\t\t\t\t\t\t\n\t\t\t\t\t\t\t\t\t\t\t\t\t\t\t<\/div>\n\t\t\t\t\t\t\t\t\t\t\t\t\t\t<\/div>\n\t\t\t\t\t\t\t\t\t\t\t\t\t\t\t\t\t\t\t\t\t\t\t\t\t\t\t\t\t\t\t\t\t\t\t\t\t\t\t<\/div>\n\t\t\t\t\t\t\t\t\t\t\t\t\t\t\t\t\t\t\t\t\t\t\t<div class=\"col-md col-6 p-0\">\n\t\t\t\t\t\t\t\t\t\t\t\t\t\t\t\t\t\t\t\t\t\t\t\t\t\t\t<div class=\"text-center py-1\">\n\t\t\t\t\t\t\t\t\t\t\t\t\t\t\t<div class=\"\"><\/div>\n\t\t\t\t\t\t\t\t\t\t\t\t\t\t\t\n\t\t\t\t\t\t\t\t\t\t\t\t\t\t\t<div class=\"text-small p-2\">24\/08 - 31\/08<\/div>\n\n\t\t\t\t\t\t\t\t\t\t\t\t\t\t\t<div class=\"p-2 font-weight-bold h4 text-center border-bottom-1 g--b-c-01\">\n\t\t\t\t\t\t\t\t\t\t\t\t\t\t\t\t79 \u20ac \t\t\t\t\t\t\t\t\t\t\t\t\t\t\t\t\t\n\t\t\t\t\t\t\t\t\t\t\t\t\t\t\t<\/div>\n\t\t\t\t\t\t\t\t\t\t\t\t\t\t<\/div>\n\t\t\t\t\t\t\t\t\t\t\t\t\t\t\t\t\t\t\t\t\t\t\t\t\t\t\t\t\t\t\t\t\t\t\t\t\t\t\t<\/div>\n\t\t\t\t\t\t\t\t\t\t\t\t\t\t\t\t\t\t\t\t\t\t\t<div class=\"col-md col-6 p-0\">\n\t\t\t\t\t\t\t\t\t\t\t\t\t\t\t\t\t\t\t\t\t\t\t\t\t\t\t<div class=\"text-center py-1\">\n\t\t\t\t\t\t\t\t\t\t\t\t\t\t\t<div class=\"\"><\/div>\n\t\t\t\t\t\t\t\t\t\t\t\t\t\t\t\n\t\t\t\t\t\t\t\t\t\t\t\t\t\t\t<div class=\"text-small p-2\">01\/09 - 20\/09<\/div>\n\n\t\t\t\t\t\t\t\t\t\t\t\t\t\t\t<div class=\"p-2 font-weight-bold h4 text-center border-bottom-1 g--b-c-01\">\n\t\t\t\t\t\t\t\t\t\t\t\t\t\t\t\t69,50 \u20ac \t\t\t\t\t\t\t\t\t\t\t\t\t\t\t\t\t\n\t\t\t\t\t\t\t\t\t\t\t\t\t\t\t<\/div>\n\t\t\t\t\t\t\t\t\t\t\t\t\t\t<\/div>\n\t\t\t\t\t\t\t\t\t\t\t\t\t\t\t\t\t\t\t\t\t\t\t\t\t\t\t\t\t\t\t\t\t\t\t\t\t\t\t<\/div>\n\t\t\t\t\t\t\t\t\t\t\t\t\t\t\t\t\t\t\t\t\t<\/article>\n\t\t\t\t\t\t\t\t\t\t\t\t\t\t\t\t<div class=\"py-3\">\n\t\t\t\t\t\t\t\t\t\t\t\t\t\t\t\t\t<h3 class=\"\">Notes de liste <\/h3>\t\n\t\t\t\t\t\t\t\t\t\t\t\t\t\t\t\t\t\t\t\t\t\t\t\t\t\t\t<div class=\"text-primary mb-1\">\n\t\t\t\t\t\t\t\t\t\t\t<p><strong><u>TARIF VALABLE JUSQU'AU 31\/03\/2026<\/u><\/strong><\/p><p>La pension compl\u00e8te comprend : chambre avec salle de bain priv\u00e8s, balcon, t\u00e9l\u00e9phone avec ligne directe, Wi-Fi, s\u00e8che-cheveux, coffre-fort, TV\/Sat Led, Air conditionn\u00e9, r\u00e9frig\u00e9rateur. Petit d\u00e9jeuner et d\u00eener, menu au choix entre 3 entr\u00e9es et trois plats principaux avec des sp\u00e9cialit\u00e9s de poissons pour le d\u00e9jeuner et d\u00eener, ap\u00e9ritifs de salades et plats d'accompagnement, <strong>eau, vin et orangeade,<\/strong> et l'utilisation des cabines et des salles de sport en bord de mer. Acc\u00e8s Wi-Fi gratuit dans toutes les chambres et dans les espaces communs. Tous les prix sont par jour et par personne pour un minimum de trois jours. Sky sport dans le hall. <strong>Animaux non admis.<\/strong><\/p><p><strong style=\"color: rgb(153, 153, 153); background-color: transparent;\">R\u00e9ductions&nbsp;<\/strong><\/p><p>Demi-pension -10%<\/p><p>3eme lit -10%<\/p><p>4eme lit -20%<\/p><p><br><\/p><p><strong style=\"color: rgb(153, 153, 153); background-color: transparent;\">R\u00e9deuctions pour les infants<\/strong><\/p><p>0-12 mois GRATUIT<\/p><p>12 - 36 mois \u20ac 10.00 par jour.<\/p><p>3 - 6 ans -50%<\/p><p>7 - 12 ans -30%<\/p><p><strong style=\"color: rgb(153, 153, 153); background-color: transparent;\">Suppl\u00e9ments&nbsp;<\/strong><\/p><p>Chambre single \u20ac 15,00 par jour<\/p><p>Petit d\u00e9jeuner \u20ac 6.00<\/p><p>Parking \u20ac 5,00 par jour<\/p><p>1 jour pension compl\u00e8te +20%<\/p><p>2 jours pension compl\u00e8te +15%<\/p><p><strong style=\"color: rgb(153, 153, 153); background-color: transparent;\">Plan Famille : 2+2=3<\/strong><\/p><p>2 enfants (jusqu'\u00e0 12 ans) et deux adultes dans la m\u00eame chambre paient comme trois adultes<\/p><p>La chambre est \u00e0 disposition du client \u00e0 partir de 12h00 du jour de l'arriv\u00e9e jusqu'\u00e0 10h00 du jour du d\u00e9part.<\/p><p><br><\/p><p><strong>FORMULE DE PLAGE INCLUSE :<\/strong><\/p><p>Paquet :<\/p><p>7 jours en Pension Compl\u00e8te, Eau, vin et jus d'orange inclus aux repas, Plage incluse (1 parasol et 2 chaises longues par chambre) \u00e0 l'\u00e9tablissement \"Calypso\" \u00e0 30 m\u00e8tres de l'H\u00f4tel<\/p><ul><li>Du 20\/05 au 29\/05 \u20ac514,00 par personne<\/li><li>Du 30\/05 au 30\/06 \u20ac543,00 par personne<\/li><li>Du 01\/07 au 07\/08 \u20ac610,00 par personne<\/li><li>Du 08\/08 au 23\/08 \u20ac706,00 par personne<\/li><li>Du 24\/08 au 31\/08 \u20ac610,00 par personne<\/li><li>Du 01\/09 au 20\/09 \u20ac543,00 par personne<\/li><\/ul>\t\t\t\t\t\t\t\t\t\t<\/div>\n\t\t\t\t\t\t\t\t\t\t\n\t\t\t\t\t\t\t<\/div>\n\t\t\t\t\t\t\t\t\t\t<\/div> \t\t<\/div>\n\t<\/div>\n    <\/div>\n<\/div>\n<\/section>","protected":false},"excerpt":{"rendered":"","protected":false},"author":1,"featured_media":0,"parent":0,"menu_order":0,"comment_status":"closed","ping_status":"closed","template":"","meta":{"footnotes":""},"class_list":["post-585","page","type-page","status-publish","hentry"],"_links":{"self":[{"href":"https:\/\/www.nettunomisano.com\/fr\/wp-json\/wp\/v2\/pages\/585","targetHints":{"allow":["GET"]}}],"collection":[{"href":"https:\/\/www.nettunomisano.com\/fr\/wp-json\/wp\/v2\/pages"}],"about":[{"href":"https:\/\/www.nettunomisano.com\/fr\/wp-json\/wp\/v2\/types\/page"}],"author":[{"embeddable":true,"href":"https:\/\/www.nettunomisano.com\/fr\/wp-json\/wp\/v2\/users\/1"}],"replies":[{"embeddable":true,"href":"https:\/\/www.nettunomisano.com\/fr\/wp-json\/wp\/v2\/comments?post=585"}],"version-history":[{"count":10,"href":"https:\/\/www.nettunomisano.com\/fr\/wp-json\/wp\/v2\/pages\/585\/revisions"}],"predecessor-version":[{"id":793,"href":"https:\/\/www.nettunomisano.com\/fr\/wp-json\/wp\/v2\/pages\/585\/revisions\/793"}],"wp:attachment":[{"href":"https:\/\/www.nettunomisano.com\/fr\/wp-json\/wp\/v2\/media?parent=585"}],"curies":[{"name":"wp","href":"https:\/\/api.w.org\/{rel}","templated":true}]}}